{"id":72,"date":"2015-06-23T11:11:04","date_gmt":"2015-06-23T09:11:04","guid":{"rendered":"http:\/\/icm.catholique.fr\/icm2015\/?page_id=72"},"modified":"2024-07-31T16:40:47","modified_gmt":"2024-07-31T14:40:47","slug":"publications","status":"publish","type":"page","link":"https:\/\/icm.catholique.fr\/cheminsdedialogue\/chemins-de-dialogue-2\/publications\/","title":{"rendered":"Les Publications"},"content":{"rendered":"\t\t<div data-elementor-type=\"wp-post\" data-elementor-id=\"72\" class=\"elementor elementor-72\">\n\t\t\t\t\t\t\t\t\t<section class=\"elementor-section elementor-top-section elementor-element elementor-element-b629ecf elementor-section-stretched elementor-section-boxed elementor-section-height-default elementor-section-height-default\" data-id=\"b629ecf\" data-element_type=\"section\" data-settings=\"{&quot;stretch_section&quot;:&quot;section-stretched&quot;}\">\n\t\t\t\t\t\t<div class=\"elementor-container elementor-column-gap-default\">\n\t\t\t\t\t<div class=\"elementor-column elementor-col-100 elementor-top-column elementor-element elementor-element-ac79758\" data-id=\"ac79758\" data-element_type=\"column\">\n\t\t\t<div class=\"elementor-widget-wrap elementor-element-populated\">\n\t\t\t\t\t\t\t\t<div class=\"elementor-element elementor-element-6f097a0 elementor-widget elementor-widget-image\" data-id=\"6f097a0\" data-element_type=\"widget\" data-widget_type=\"image.default\">\n\t\t\t\t<div class=\"elementor-widget-container\">\n\t\t\t\t\t\t\t\t\t\t\t\t\t\t\t<img decoding=\"async\" loading=\"lazy\" width=\"1024\" height=\"133\" src=\"https:\/\/icm.catholique.fr\/cheminsdedialogue\/wp-content\/uploads\/2024\/07\/banniere-site-internet-publication-4-1024x133.png\" class=\"attachment-large size-large wp-image-6756\" alt=\"\" srcset=\"https:\/\/icm.catholique.fr\/cheminsdedialogue\/wp-content\/uploads\/2024\/07\/banniere-site-internet-publication-4-1024x133.png 1024w, https:\/\/icm.catholique.fr\/cheminsdedialogue\/wp-content\/uploads\/2024\/07\/banniere-site-internet-publication-4-300x39.png 300w, https:\/\/icm.catholique.fr\/cheminsdedialogue\/wp-content\/uploads\/2024\/07\/banniere-site-internet-publication-4-768x100.png 768w, https:\/\/icm.catholique.fr\/cheminsdedialogue\/wp-content\/uploads\/2024\/07\/banniere-site-internet-publication-4-1536x200.png 1536w, https:\/\/icm.catholique.fr\/cheminsdedialogue\/wp-content\/uploads\/2024\/07\/banniere-site-internet-publication-4.png 1920w\" sizes=\"(max-width: 1024px) 100vw, 1024px\" \/>\t\t\t\t\t\t\t\t\t\t\t\t\t\t\t<\/div>\n\t\t\t\t<\/div>\n\t\t\t\t\t<\/div>\n\t\t<\/div>\n\t\t\t\t\t\t\t<\/div>\n\t\t<\/section>\n\t\t\t\t<section class=\"elementor-section elementor-top-section elementor-element elementor-element-6198424 elementor-section-boxed elementor-section-height-default elementor-section-height-default\" data-id=\"6198424\" data-element_type=\"section\">\n\t\t\t\t\t\t<div class=\"elementor-container elementor-column-gap-default\">\n\t\t\t\t\t<div class=\"elementor-column elementor-col-100 elementor-top-column elementor-element elementor-element-ccd5f3b\" data-id=\"ccd5f3b\" data-element_type=\"column\">\n\t\t\t<div class=\"elementor-widget-wrap elementor-element-populated\">\n\t\t\t\t\t\t\t\t<div class=\"elementor-element elementor-element-3248f01 elementor-widget elementor-widget-spacer\" data-id=\"3248f01\" data-element_type=\"widget\" data-widget_type=\"spacer.default\">\n\t\t\t\t<div class=\"elementor-widget-container\">\n\t\t\t\t\t<div class=\"elementor-spacer\">\n\t\t\t<div class=\"elementor-spacer-inner\"><\/div>\n\t\t<\/div>\n\t\t\t\t<\/div>\n\t\t\t\t<\/div>\n\t\t\t\t\t<\/div>\n\t\t<\/div>\n\t\t\t\t\t\t\t<\/div>\n\t\t<\/section>\n\t\t\t\t<section class=\"elementor-section elementor-top-section elementor-element elementor-element-da88347 elementor-section-stretched elementor-section-boxed elementor-section-height-default elementor-section-height-default\" data-id=\"da88347\" data-element_type=\"section\" data-settings=\"{&quot;stretch_section&quot;:&quot;section-stretched&quot;}\">\n\t\t\t\t\t\t<div class=\"elementor-container elementor-column-gap-default\">\n\t\t\t\t\t<div class=\"elementor-column elementor-col-66 elementor-top-column elementor-element elementor-element-6c50f4d\" data-id=\"6c50f4d\" data-element_type=\"column\">\n\t\t\t<div class=\"elementor-widget-wrap elementor-element-populated\">\n\t\t\t\t\t\t\t\t<div class=\"elementor-element elementor-element-f4c6bfd elementor-widget elementor-widget-text-editor\" data-id=\"f4c6bfd\" data-element_type=\"widget\" data-widget_type=\"text-editor.default\">\n\t\t\t\t<div class=\"elementor-widget-container\">\n\t\t\t\t\t\t\t<p><span style=\"font-size: 14px; color: #000000;\"><span style=\"font-family: Arial, sans-serif; font-style: normal; font-weight: 400;\">Les publications Chemins de Dialogue regroupent une collection d&rsquo;ouvrages publi\u00e9s par l&rsquo;association <\/span><em style=\"font-family: Arial, sans-serif; font-weight: 400;\">Chemins de dialogue,&nbsp;<\/em><span style=\"font-family: Arial, sans-serif; font-style: normal; font-weight: 400;\">sous la direction \u00e9ditoriale de Mgr&nbsp;<\/span><span style=\"font-family: Arial, sans-serif; font-style: normal; font-weight: bold;\">Jean-Marc Aveline<\/span><span style=\"font-family: Arial, sans-serif; font-style: normal; font-weight: 400;\">, archev\u00eaque de Marseille, pr\u00e9sident du conseil pour les relations interreligieuses \u00e0 la conf\u00e9rence des \u00e9v\u00eaques de France.&nbsp;<\/span><\/span><\/p>\n<p><span style=\"font-size: 14px; color: #000000;\"><span style=\"font-family: Arial, sans-serif; font-style: normal; font-weight: 400;\">Toutes les publications sont disponibles en <strong>format papier<\/strong> avec un service de livraison propos\u00e9 et en <strong>format num\u00e9rique<\/strong>. Le format num\u00e9rique est \u00e0 un prix deux fois moins \u00e9lev\u00e9 et vous est envoy\u00e9 dans les plus brefs d\u00e9lais par mail.&nbsp;<\/span><\/span><\/p>\n<p><span style=\"color: #000000;\"><span style=\"font-size: 14px;\"><span style=\"font-family: Arial, sans-serif; font-style: normal; font-weight: 400;\"><span style=\"color: #ff0000;\">ATTENTION<\/span> : <\/span><\/span><span style=\"font-family: Arial, sans-serif; font-style: normal; font-weight: 400; font-size: 14px;\">Si vous effectuer une commande group\u00e9e, veuillez envoyer un mail \u00e0 <a href=\"mailto:acdd@icm13.com\">acdd@icm13.com<\/a>&nbsp;en mentionnant<\/span><span style=\"font-family: Arial, sans-serif; font-style: normal; font-weight: 400; font-size: 14px;\">&nbsp;les articles souhait\u00e9s car les frais de port pourraient \u00eatre plus faibles.&nbsp;<\/span><\/span><\/p>\t\t\t\t\t\t<\/div>\n\t\t\t\t<\/div>\n\t\t\t\t\t<\/div>\n\t\t<\/div>\n\t\t\t\t<div class=\"elementor-column elementor-col-33 elementor-top-column elementor-element elementor-element-dc05e00\" data-id=\"dc05e00\" data-element_type=\"column\">\n\t\t\t<div class=\"elementor-widget-wrap elementor-element-populated\">\n\t\t\t\t\t\t\t\t<div class=\"elementor-element elementor-element-9aba725 elementor-widget elementor-widget-image\" data-id=\"9aba725\" data-element_type=\"widget\" data-widget_type=\"image.default\">\n\t\t\t\t<div class=\"elementor-widget-container\">\n\t\t\t\t\t\t\t\t\t\t\t\t\t\t\t<img decoding=\"async\" loading=\"lazy\" width=\"1021\" height=\"704\" src=\"https:\/\/icm.catholique.fr\/cheminsdedialogue\/wp-content\/uploads\/2024\/07\/Capture-decran-2024-07-31-a-16.18.07.png\" class=\"attachment-large size-large wp-image-6752\" alt=\"\" srcset=\"https:\/\/icm.catholique.fr\/cheminsdedialogue\/wp-content\/uploads\/2024\/07\/Capture-decran-2024-07-31-a-16.18.07.png 1021w, https:\/\/icm.catholique.fr\/cheminsdedialogue\/wp-content\/uploads\/2024\/07\/Capture-decran-2024-07-31-a-16.18.07-300x207.png 300w, https:\/\/icm.catholique.fr\/cheminsdedialogue\/wp-content\/uploads\/2024\/07\/Capture-decran-2024-07-31-a-16.18.07-768x530.png 768w\" sizes=\"(max-width: 1021px) 100vw, 1021px\" \/>\t\t\t\t\t\t\t\t\t\t\t\t\t\t\t<\/div>\n\t\t\t\t<\/div>\n\t\t\t\t\t<\/div>\n\t\t<\/div>\n\t\t\t\t\t\t\t<\/div>\n\t\t<\/section>\n\t\t\t\t<section class=\"elementor-section elementor-top-section elementor-element elementor-element-7ba6743 elementor-section-stretched elementor-section-boxed elementor-section-height-default elementor-section-height-default\" data-id=\"7ba6743\" data-element_type=\"section\" data-settings=\"{&quot;stretch_section&quot;:&quot;section-stretched&quot;}\">\n\t\t\t\t\t\t<div class=\"elementor-container elementor-column-gap-default\">\n\t\t\t\t\t<div class=\"elementor-column elementor-col-100 elementor-top-column elementor-element elementor-element-ccb4e8e\" data-id=\"ccb4e8e\" data-element_type=\"column\">\n\t\t\t<div class=\"elementor-widget-wrap elementor-element-populated\">\n\t\t\t\t\t\t\t\t<div class=\"elementor-element elementor-element-6c2736f elementor-widget elementor-widget-spacer\" data-id=\"6c2736f\" data-element_type=\"widget\" data-widget_type=\"spacer.default\">\n\t\t\t\t<div class=\"elementor-widget-container\">\n\t\t\t\t\t<div class=\"elementor-spacer\">\n\t\t\t<div class=\"elementor-spacer-inner\"><\/div>\n\t\t<\/div>\n\t\t\t\t<\/div>\n\t\t\t\t<\/div>\n\t\t\t\t<div class=\"elementor-element elementor-element-441f2d6 elementor-align-center elementor-widget elementor-widget-button\" data-id=\"441f2d6\" data-element_type=\"widget\" data-widget_type=\"button.default\">\n\t\t\t\t<div class=\"elementor-widget-container\">\n\t\t\t\t\t<div class=\"elementor-button-wrapper\">\n\t\t\t<a class=\"elementor-button elementor-button-link elementor-size-md\" href=\"https:\/\/icm.catholique.fr\/cheminsdedialogue\/category\/publications\/\">\n\t\t\t\t\t\t<span class=\"elementor-button-content-wrapper\">\n\t\t\t\t\t\t<span class=\"elementor-button-text\"> Toutes nos publications<\/span>\n\t\t<\/span>\n\t\t\t\t\t<\/a>\n\t\t<\/div>\n\t\t\t\t<\/div>\n\t\t\t\t<\/div>\n\t\t\t\t\t<\/div>\n\t\t<\/div>\n\t\t\t\t\t\t\t<\/div>\n\t\t<\/section>\n\t\t\t\t\t\t\t<\/div>\n\t\t","protected":false},"excerpt":{"rendered":"<p>Les publications Chemins de Dialogue regroupent une collection d&rsquo;ouvrages publi\u00e9s par l&rsquo;association Chemins de dialogue,&nbsp;sous la direction \u00e9ditoriale de Mgr&nbsp;Jean-Marc Aveline, archev\u00eaque de Marseille, pr\u00e9sident<a href=\"https:\/\/icm.catholique.fr\/cheminsdedialogue\/chemins-de-dialogue-2\/publications\/\" class=\"more-link\"><span class=\"screen-reader-text\"> \u00ab\u00a0Les Publications\u00a0\u00bb<\/span><\/a><\/p>\n","protected":false},"author":1,"featured_media":0,"parent":2354,"menu_order":0,"comment_status":"closed","ping_status":"closed","template":"","meta":{"_mi_skip_tracking":false,"footnotes":""},"yoast_head":"<!-- This site is optimized with the Yoast SEO plugin v21.4 - https:\/\/yoast.com\/wordpress\/plugins\/seo\/ -->\n<title>Les Publications - Chemins de Dialogue<\/title>\n<meta name=\"description\" content=\"Collection d\u2019ouvrages publi\u00e9s sous la direction \u00e9ditoriale de Mgr Jean-Marc Aveline, archev\u00eaque de Marseille, pr\u00e9sident du conseil pour les relations interreligieuses \u00e0 la conf\u00e9rence des \u00e9v\u00eaques de France\" \/>\n<meta name=\"robots\" content=\"index, follow, max-snippet:-1, max-image-preview:large, max-video-preview:-1\" \/>\n<link rel=\"canonical\" href=\"https:\/\/icm.catholique.fr\/cheminsdedialogue\/chemins-de-dialogue-2\/publications\/\" \/>\n<meta property=\"og:locale\" content=\"fr_FR\" \/>\n<meta property=\"og:type\" content=\"article\" \/>\n<meta property=\"og:title\" content=\"Les Publications - Chemins de Dialogue\" \/>\n<meta property=\"og:description\" content=\"Collection d\u2019ouvrages publi\u00e9s sous la direction \u00e9ditoriale de Mgr Jean-Marc Aveline, archev\u00eaque de Marseille, pr\u00e9sident du conseil pour les relations interreligieuses \u00e0 la conf\u00e9rence des \u00e9v\u00eaques de France\" \/>\n<meta property=\"og:url\" content=\"https:\/\/icm.catholique.fr\/cheminsdedialogue\/chemins-de-dialogue-2\/publications\/\" \/>\n<meta property=\"og:site_name\" content=\"Chemins de Dialogue\" \/>\n<meta property=\"article:modified_time\" content=\"2024-07-31T14:40:47+00:00\" \/>\n<meta property=\"og:image\" content=\"https:\/\/icm.catholique.fr\/cheminsdedialogue\/wp-content\/uploads\/2024\/07\/banniere-site-internet-publication-4-1024x133.png\" \/>\n<meta name=\"twitter:card\" content=\"summary_large_image\" \/>\n<meta name=\"twitter:label1\" content=\"Dur\u00e9e de lecture estim\u00e9e\" \/>\n\t<meta name=\"twitter:data1\" content=\"1 minute\" \/>\n<script type=\"application\/ld+json\" class=\"yoast-schema-graph\">{\"@context\":\"https:\/\/schema.org\",\"@graph\":[{\"@type\":\"WebPage\",\"@id\":\"https:\/\/icm.catholique.fr\/cheminsdedialogue\/chemins-de-dialogue-2\/publications\/\",\"url\":\"https:\/\/icm.catholique.fr\/cheminsdedialogue\/chemins-de-dialogue-2\/publications\/\",\"name\":\"Les Publications - Chemins de Dialogue\",\"isPartOf\":{\"@id\":\"https:\/\/icm.catholique.fr\/cheminsdedialogue\/#website\"},\"datePublished\":\"2015-06-23T09:11:04+00:00\",\"dateModified\":\"2024-07-31T14:40:47+00:00\",\"description\":\"Collection d\u2019ouvrages publi\u00e9s sous la direction \u00e9ditoriale de Mgr Jean-Marc Aveline, archev\u00eaque de Marseille, pr\u00e9sident du conseil pour les relations interreligieuses \u00e0 la conf\u00e9rence des \u00e9v\u00eaques de France\",\"breadcrumb\":{\"@id\":\"https:\/\/icm.catholique.fr\/cheminsdedialogue\/chemins-de-dialogue-2\/publications\/#breadcrumb\"},\"inLanguage\":\"fr-FR\",\"potentialAction\":[{\"@type\":\"ReadAction\",\"target\":[\"https:\/\/icm.catholique.fr\/cheminsdedialogue\/chemins-de-dialogue-2\/publications\/\"]}]},{\"@type\":\"BreadcrumbList\",\"@id\":\"https:\/\/icm.catholique.fr\/cheminsdedialogue\/chemins-de-dialogue-2\/publications\/#breadcrumb\",\"itemListElement\":[{\"@type\":\"ListItem\",\"position\":1,\"name\":\"Accueil\",\"item\":\"https:\/\/icm.catholique.fr\/cheminsdedialogue\/\"},{\"@type\":\"ListItem\",\"position\":2,\"name\":\"Les Publications\"}]},{\"@type\":\"WebSite\",\"@id\":\"https:\/\/icm.catholique.fr\/cheminsdedialogue\/#website\",\"url\":\"https:\/\/icm.catholique.fr\/cheminsdedialogue\/\",\"name\":\"Chemins de Dialogue\",\"description\":\"\",\"publisher\":{\"@id\":\"https:\/\/icm.catholique.fr\/cheminsdedialogue\/#organization\"},\"potentialAction\":[{\"@type\":\"SearchAction\",\"target\":{\"@type\":\"EntryPoint\",\"urlTemplate\":\"https:\/\/icm.catholique.fr\/cheminsdedialogue\/?s={search_term_string}\"},\"query-input\":\"required name=search_term_string\"}],\"inLanguage\":\"fr-FR\"},{\"@type\":\"Organization\",\"@id\":\"https:\/\/icm.catholique.fr\/cheminsdedialogue\/#organization\",\"name\":\"Association Chemins de Dialogue\",\"url\":\"https:\/\/icm.catholique.fr\/cheminsdedialogue\/\",\"logo\":{\"@type\":\"ImageObject\",\"inLanguage\":\"fr-FR\",\"@id\":\"https:\/\/icm.catholique.fr\/cheminsdedialogue\/#\/schema\/logo\/image\/\",\"url\":\"https:\/\/icm.catholique.fr\/cheminsdedialogue\/wp-content\/uploads\/2018\/11\/colombe-2.png\",\"contentUrl\":\"https:\/\/icm.catholique.fr\/cheminsdedialogue\/wp-content\/uploads\/2018\/11\/colombe-2.png\",\"width\":318,\"height\":201,\"caption\":\"Association Chemins de Dialogue\"},\"image\":{\"@id\":\"https:\/\/icm.catholique.fr\/cheminsdedialogue\/#\/schema\/logo\/image\/\"}}]}<\/script>\n<!-- \/ Yoast SEO plugin. -->","yoast_head_json":{"title":"Les Publications - Chemins de Dialogue","description":"Collection d\u2019ouvrages publi\u00e9s sous la direction \u00e9ditoriale de Mgr Jean-Marc Aveline, archev\u00eaque de Marseille, pr\u00e9sident du conseil pour les relations interreligieuses \u00e0 la conf\u00e9rence des \u00e9v\u00eaques de France","robots":{"index":"index","follow":"follow","max-snippet":"max-snippet:-1","max-image-preview":"max-image-preview:large","max-video-preview":"max-video-preview:-1"},"canonical":"https:\/\/icm.catholique.fr\/cheminsdedialogue\/chemins-de-dialogue-2\/publications\/","og_locale":"fr_FR","og_type":"article","og_title":"Les Publications - Chemins de Dialogue","og_description":"Collection d\u2019ouvrages publi\u00e9s sous la direction \u00e9ditoriale de Mgr Jean-Marc Aveline, archev\u00eaque de Marseille, pr\u00e9sident du conseil pour les relations interreligieuses \u00e0 la conf\u00e9rence des \u00e9v\u00eaques de France","og_url":"https:\/\/icm.catholique.fr\/cheminsdedialogue\/chemins-de-dialogue-2\/publications\/","og_site_name":"Chemins de Dialogue","article_modified_time":"2024-07-31T14:40:47+00:00","og_image":[{"url":"https:\/\/icm.catholique.fr\/cheminsdedialogue\/wp-content\/uploads\/2024\/07\/banniere-site-internet-publication-4-1024x133.png"}],"twitter_card":"summary_large_image","twitter_misc":{"Dur\u00e9e de lecture estim\u00e9e":"1 minute"},"schema":{"@context":"https:\/\/schema.org","@graph":[{"@type":"WebPage","@id":"https:\/\/icm.catholique.fr\/cheminsdedialogue\/chemins-de-dialogue-2\/publications\/","url":"https:\/\/icm.catholique.fr\/cheminsdedialogue\/chemins-de-dialogue-2\/publications\/","name":"Les Publications - Chemins de Dialogue","isPartOf":{"@id":"https:\/\/icm.catholique.fr\/cheminsdedialogue\/#website"},"datePublished":"2015-06-23T09:11:04+00:00","dateModified":"2024-07-31T14:40:47+00:00","description":"Collection d\u2019ouvrages publi\u00e9s sous la direction \u00e9ditoriale de Mgr Jean-Marc Aveline, archev\u00eaque de Marseille, pr\u00e9sident du conseil pour les relations interreligieuses \u00e0 la conf\u00e9rence des \u00e9v\u00eaques de France","breadcrumb":{"@id":"https:\/\/icm.catholique.fr\/cheminsdedialogue\/chemins-de-dialogue-2\/publications\/#breadcrumb"},"inLanguage":"fr-FR","potentialAction":[{"@type":"ReadAction","target":["https:\/\/icm.catholique.fr\/cheminsdedialogue\/chemins-de-dialogue-2\/publications\/"]}]},{"@type":"BreadcrumbList","@id":"https:\/\/icm.catholique.fr\/cheminsdedialogue\/chemins-de-dialogue-2\/publications\/#breadcrumb","itemListElement":[{"@type":"ListItem","position":1,"name":"Accueil","item":"https:\/\/icm.catholique.fr\/cheminsdedialogue\/"},{"@type":"ListItem","position":2,"name":"Les Publications"}]},{"@type":"WebSite","@id":"https:\/\/icm.catholique.fr\/cheminsdedialogue\/#website","url":"https:\/\/icm.catholique.fr\/cheminsdedialogue\/","name":"Chemins de Dialogue","description":"","publisher":{"@id":"https:\/\/icm.catholique.fr\/cheminsdedialogue\/#organization"},"potentialAction":[{"@type":"SearchAction","target":{"@type":"EntryPoint","urlTemplate":"https:\/\/icm.catholique.fr\/cheminsdedialogue\/?s={search_term_string}"},"query-input":"required name=search_term_string"}],"inLanguage":"fr-FR"},{"@type":"Organization","@id":"https:\/\/icm.catholique.fr\/cheminsdedialogue\/#organization","name":"Association Chemins de Dialogue","url":"https:\/\/icm.catholique.fr\/cheminsdedialogue\/","logo":{"@type":"ImageObject","inLanguage":"fr-FR","@id":"https:\/\/icm.catholique.fr\/cheminsdedialogue\/#\/schema\/logo\/image\/","url":"https:\/\/icm.catholique.fr\/cheminsdedialogue\/wp-content\/uploads\/2018\/11\/colombe-2.png","contentUrl":"https:\/\/icm.catholique.fr\/cheminsdedialogue\/wp-content\/uploads\/2018\/11\/colombe-2.png","width":318,"height":201,"caption":"Association Chemins de Dialogue"},"image":{"@id":"https:\/\/icm.catholique.fr\/cheminsdedialogue\/#\/schema\/logo\/image\/"}}]}},"_links":{"self":[{"href":"https:\/\/icm.catholique.fr\/cheminsdedialogue\/wp-json\/wp\/v2\/pages\/72"}],"collection":[{"href":"https:\/\/icm.catholique.fr\/cheminsdedialogue\/wp-json\/wp\/v2\/pages"}],"about":[{"href":"https:\/\/icm.catholique.fr\/cheminsdedialogue\/wp-json\/wp\/v2\/types\/page"}],"author":[{"embeddable":true,"href":"https:\/\/icm.catholique.fr\/cheminsdedialogue\/wp-json\/wp\/v2\/users\/1"}],"replies":[{"embeddable":true,"href":"https:\/\/icm.catholique.fr\/cheminsdedialogue\/wp-json\/wp\/v2\/comments?post=72"}],"version-history":[{"count":35,"href":"https:\/\/icm.catholique.fr\/cheminsdedialogue\/wp-json\/wp\/v2\/pages\/72\/revisions"}],"predecessor-version":[{"id":6759,"href":"https:\/\/icm.catholique.fr\/cheminsdedialogue\/wp-json\/wp\/v2\/pages\/72\/revisions\/6759"}],"up":[{"embeddable":true,"href":"https:\/\/icm.catholique.fr\/cheminsdedialogue\/wp-json\/wp\/v2\/pages\/2354"}],"wp:attachment":[{"href":"https:\/\/icm.catholique.fr\/cheminsdedialogue\/wp-json\/wp\/v2\/media?parent=72"}],"curies":[{"name":"wp","href":"https:\/\/api.w.org\/{rel}","templated":true}]}}