{"id":2386,"date":"2018-10-09T13:39:12","date_gmt":"2018-10-09T11:39:12","guid":{"rendered":"http:\/\/icm.catholique.fr\/?page_id=2386"},"modified":"2026-03-26T13:40:22","modified_gmt":"2026-03-26T12:40:22","slug":"les-cahiers","status":"publish","type":"page","link":"https:\/\/icm.catholique.fr\/cheminsdedialogue\/chemins-de-dialogue-2\/les-cahiers\/","title":{"rendered":"Les Cahiers"},"content":{"rendered":"\t\t<div data-elementor-type=\"wp-post\" data-elementor-id=\"2386\" class=\"elementor elementor-2386\">\n\t\t\t\t\t\t\t\t\t<section class=\"elementor-section elementor-top-section elementor-element elementor-element-5084af9 elementor-section-stretched elementor-section-boxed elementor-section-height-default elementor-section-height-default\" data-id=\"5084af9\" data-element_type=\"section\" data-settings=\"{&quot;stretch_section&quot;:&quot;section-stretched&quot;}\">\n\t\t\t\t\t\t<div class=\"elementor-container elementor-column-gap-default\">\n\t\t\t\t\t<div class=\"elementor-column elementor-col-100 elementor-top-column elementor-element elementor-element-b4496a3\" data-id=\"b4496a3\" data-element_type=\"column\">\n\t\t\t<div class=\"elementor-widget-wrap elementor-element-populated\">\n\t\t\t\t\t\t\t\t<div class=\"elementor-element elementor-element-63cac95 elementor-widget elementor-widget-image\" data-id=\"63cac95\" data-element_type=\"widget\" data-widget_type=\"image.default\">\n\t\t\t\t<div class=\"elementor-widget-container\">\n\t\t\t\t\t\t\t\t\t\t\t\t\t\t\t<img decoding=\"async\" loading=\"lazy\" width=\"1024\" height=\"133\" src=\"https:\/\/icm.catholique.fr\/cheminsdedialogue\/wp-content\/uploads\/2024\/07\/banniere-site-internet-3-1024x133.png\" class=\"attachment-large size-large wp-image-6696\" alt=\"\" srcset=\"https:\/\/icm.catholique.fr\/cheminsdedialogue\/wp-content\/uploads\/2024\/07\/banniere-site-internet-3-1024x133.png 1024w, https:\/\/icm.catholique.fr\/cheminsdedialogue\/wp-content\/uploads\/2024\/07\/banniere-site-internet-3-300x39.png 300w, https:\/\/icm.catholique.fr\/cheminsdedialogue\/wp-content\/uploads\/2024\/07\/banniere-site-internet-3-768x100.png 768w, https:\/\/icm.catholique.fr\/cheminsdedialogue\/wp-content\/uploads\/2024\/07\/banniere-site-internet-3-1536x200.png 1536w, https:\/\/icm.catholique.fr\/cheminsdedialogue\/wp-content\/uploads\/2024\/07\/banniere-site-internet-3.png 1920w\" sizes=\"(max-width: 1024px) 100vw, 1024px\" \/>\t\t\t\t\t\t\t\t\t\t\t\t\t\t\t<\/div>\n\t\t\t\t<\/div>\n\t\t\t\t<div class=\"elementor-element elementor-element-9afd81c elementor-widget elementor-widget-spacer\" data-id=\"9afd81c\" data-element_type=\"widget\" data-widget_type=\"spacer.default\">\n\t\t\t\t<div class=\"elementor-widget-container\">\n\t\t\t\t\t<div class=\"elementor-spacer\">\n\t\t\t<div class=\"elementor-spacer-inner\"><\/div>\n\t\t<\/div>\n\t\t\t\t<\/div>\n\t\t\t\t<\/div>\n\t\t\t\t\t<\/div>\n\t\t<\/div>\n\t\t\t\t\t\t\t<\/div>\n\t\t<\/section>\n\t\t\t\t<section class=\"elementor-section elementor-top-section elementor-element elementor-element-2b67659 elementor-section-stretched elementor-section-boxed elementor-section-height-default elementor-section-height-default\" data-id=\"2b67659\" data-element_type=\"section\" data-settings=\"{&quot;stretch_section&quot;:&quot;section-stretched&quot;}\">\n\t\t\t\t\t\t<div class=\"elementor-container elementor-column-gap-default\">\n\t\t\t\t\t<div class=\"elementor-column elementor-col-66 elementor-top-column elementor-element elementor-element-56fa675\" data-id=\"56fa675\" data-element_type=\"column\">\n\t\t\t<div class=\"elementor-widget-wrap elementor-element-populated\">\n\t\t\t\t\t\t\t\t<div class=\"elementor-element elementor-element-faaa190 elementor-widget elementor-widget-text-editor\" data-id=\"faaa190\" data-element_type=\"widget\" data-widget_type=\"text-editor.default\">\n\t\t\t\t<div class=\"elementor-widget-container\">\n\t\t\t\t\t\t\t<p>Les Cahiers de Chemins de Dialogue offrent une initiation aux sujets trait\u00e9s par la revue Chemins de Dialogues et l\u2019ISTR : Dialogue interreligieux et th\u00e9ologie des religions. Ils sont destin\u00e9s \u00e0 un large public. Dans chaque num\u00e9ro, ils proposent une r\u00e9flexion de fond, un ou des t\u00e9moignages, des r\u00e9f\u00e9rences et des outils pour aller plus loin. Ils sont l\u2019indispensable compl\u00e9ment \u00e0 la revue Chemins de Dialogue. Ils paraissent 3 fois par an et sont au prix unitaire de 5 \u20ac.\u00a0\u00a0<\/p><p><i>Les Cahiers sont dor\u00e9navant uniquement disponibles \u00e0 l&rsquo;unit\u00e9 et non plus par abonnement.<\/i><\/p><p><i>Cliquez sur Tous les cahiers pour l&rsquo;achat du num\u00e9ro qui nous int\u00e9resse.<\/i><\/p><p>Tous les cahiers sont disponibles en\u00a0<strong>format papier<\/strong>\u00a0avec un service de livraison propos\u00e9 et en\u00a0<strong>format num\u00e9rique<\/strong>.\u00a0Le format num\u00e9rique est \u00e0 un prix deux fois moins \u00e9lev\u00e9 et vous est envoy\u00e9 dans les plus brefs d\u00e9lais par mail.\u00a0<\/p><p><span style=\"color: #ff0000;\">ATTENTION<\/span>\u00a0:\u00a0Si vous effectuer une commande group\u00e9e, veuillez envoyer un mail \u00e0\u00a0<a title=\"mailto:acdd@icm13.com\" href=\"mailto:acdd@icm13.com\">acdd@icm13.com<\/a>\u00a0d\u00e9crivant les articles souhait\u00e9s car les frais de port pourraient \u00eatre plus faibles.\u00a0<\/p>\t\t\t\t\t\t<\/div>\n\t\t\t\t<\/div>\n\t\t\t\t\t<\/div>\n\t\t<\/div>\n\t\t\t\t<div class=\"elementor-column elementor-col-33 elementor-top-column elementor-element elementor-element-d7f6f0e\" data-id=\"d7f6f0e\" data-element_type=\"column\">\n\t\t\t<div class=\"elementor-widget-wrap elementor-element-populated\">\n\t\t\t\t\t\t\t\t<div class=\"elementor-element elementor-element-45b4058 elementor-widget__width-initial elementor-widget elementor-widget-image\" data-id=\"45b4058\" data-element_type=\"widget\" data-widget_type=\"image.default\">\n\t\t\t\t<div class=\"elementor-widget-container\">\n\t\t\t\t\t\t\t\t\t\t\t\t\t\t\t<img decoding=\"async\" loading=\"lazy\" width=\"378\" height=\"418\" src=\"https:\/\/icm.catholique.fr\/cheminsdedialogue\/wp-content\/uploads\/2024\/07\/Capture-decran-2024-07-25-a-17.01.41.png\" class=\"attachment-large size-large wp-image-6698\" alt=\"\" srcset=\"https:\/\/icm.catholique.fr\/cheminsdedialogue\/wp-content\/uploads\/2024\/07\/Capture-decran-2024-07-25-a-17.01.41.png 378w, https:\/\/icm.catholique.fr\/cheminsdedialogue\/wp-content\/uploads\/2024\/07\/Capture-decran-2024-07-25-a-17.01.41-271x300.png 271w\" sizes=\"(max-width: 378px) 100vw, 378px\" \/>\t\t\t\t\t\t\t\t\t\t\t\t\t\t\t<\/div>\n\t\t\t\t<\/div>\n\t\t\t\t\t<\/div>\n\t\t<\/div>\n\t\t\t\t\t\t\t<\/div>\n\t\t<\/section>\n\t\t\t\t<section class=\"elementor-section elementor-top-section elementor-element elementor-element-106e047 elementor-section-stretched elementor-section-boxed elementor-section-height-default elementor-section-height-default\" data-id=\"106e047\" data-element_type=\"section\" data-settings=\"{&quot;stretch_section&quot;:&quot;section-stretched&quot;}\">\n\t\t\t\t\t\t<div class=\"elementor-container elementor-column-gap-default\">\n\t\t\t\t\t<div class=\"elementor-column elementor-col-100 elementor-top-column elementor-element elementor-element-72ec6fe\" data-id=\"72ec6fe\" data-element_type=\"column\">\n\t\t\t<div class=\"elementor-widget-wrap elementor-element-populated\">\n\t\t\t\t\t\t\t\t<div class=\"elementor-element elementor-element-4329d58 elementor-align-center elementor-widget elementor-widget-button\" data-id=\"4329d58\" data-element_type=\"widget\" data-widget_type=\"button.default\">\n\t\t\t\t<div class=\"elementor-widget-container\">\n\t\t\t\t\t<div class=\"elementor-button-wrapper\">\n\t\t\t<a class=\"elementor-button elementor-button-link elementor-size-md\" href=\"https:\/\/icm.catholique.fr\/cheminsdedialogue\/category\/les-cahiers\/\">\n\t\t\t\t\t\t<span class=\"elementor-button-content-wrapper\">\n\t\t\t\t\t\t<span class=\"elementor-button-text\">Tous nos cahiers<\/span>\n\t\t<\/span>\n\t\t\t\t\t<\/a>\n\t\t<\/div>\n\t\t\t\t<\/div>\n\t\t\t\t<\/div>\n\t\t\t\t\t<\/div>\n\t\t<\/div>\n\t\t\t\t\t\t\t<\/div>\n\t\t<\/section>\n\t\t\t\t\t\t\t<\/div>\n\t\t","protected":false},"excerpt":{"rendered":"<p>Les Cahiers de Chemins de Dialogue offrent une initiation aux sujets trait\u00e9s par la revue Chemins de Dialogues et l\u2019ISTR : Dialogue interreligieux et th\u00e9ologie<a href=\"https:\/\/icm.catholique.fr\/cheminsdedialogue\/chemins-de-dialogue-2\/les-cahiers\/\" class=\"more-link\"><span class=\"screen-reader-text\"> \u00ab\u00a0Les Cahiers\u00a0\u00bb<\/span><\/a><\/p>\n","protected":false},"author":1,"featured_media":3838,"parent":2354,"menu_order":0,"comment_status":"closed","ping_status":"closed","template":"","meta":{"_mi_skip_tracking":false,"footnotes":""},"yoast_head":"<!-- This site is optimized with the Yoast SEO plugin v21.4 - https:\/\/yoast.com\/wordpress\/plugins\/seo\/ -->\n<title>Les Cahiers - Chemins de Dialogue<\/title>\n<meta name=\"robots\" content=\"index, follow, max-snippet:-1, max-image-preview:large, max-video-preview:-1\" \/>\n<link rel=\"canonical\" href=\"https:\/\/icm.catholique.fr\/cheminsdedialogue\/chemins-de-dialogue-2\/les-cahiers\/\" \/>\n<meta property=\"og:locale\" content=\"fr_FR\" \/>\n<meta property=\"og:type\" content=\"article\" \/>\n<meta property=\"og:title\" content=\"Les Cahiers - Chemins de Dialogue\" \/>\n<meta property=\"og:description\" content=\"Les Cahiers de Chemins de Dialogue offrent une initiation aux sujets trait\u00e9s par la revue Chemins de Dialogues et l\u2019ISTR : Dialogue interreligieux et th\u00e9ologie &quot;Les Cahiers&quot;\" \/>\n<meta property=\"og:url\" content=\"https:\/\/icm.catholique.fr\/cheminsdedialogue\/chemins-de-dialogue-2\/les-cahiers\/\" \/>\n<meta property=\"og:site_name\" content=\"Chemins de Dialogue\" \/>\n<meta property=\"article:modified_time\" content=\"2026-03-26T12:40:22+00:00\" \/>\n<meta property=\"og:image\" content=\"https:\/\/icm.catholique.fr\/cheminsdedialogue\/wp-content\/uploads\/2020\/05\/page-de-garde.png\" \/>\n\t<meta property=\"og:image:width\" content=\"744\" \/>\n\t<meta property=\"og:image:height\" content=\"1049\" \/>\n\t<meta property=\"og:image:type\" content=\"image\/png\" \/>\n<meta name=\"twitter:card\" content=\"summary_large_image\" \/>\n<meta name=\"twitter:label1\" content=\"Dur\u00e9e de lecture estim\u00e9e\" \/>\n\t<meta name=\"twitter:data1\" content=\"2 minutes\" \/>\n<script type=\"application\/ld+json\" class=\"yoast-schema-graph\">{\"@context\":\"https:\/\/schema.org\",\"@graph\":[{\"@type\":\"WebPage\",\"@id\":\"https:\/\/icm.catholique.fr\/cheminsdedialogue\/chemins-de-dialogue-2\/les-cahiers\/\",\"url\":\"https:\/\/icm.catholique.fr\/cheminsdedialogue\/chemins-de-dialogue-2\/les-cahiers\/\",\"name\":\"Les Cahiers - Chemins de Dialogue\",\"isPartOf\":{\"@id\":\"https:\/\/icm.catholique.fr\/cheminsdedialogue\/#website\"},\"datePublished\":\"2018-10-09T11:39:12+00:00\",\"dateModified\":\"2026-03-26T12:40:22+00:00\",\"breadcrumb\":{\"@id\":\"https:\/\/icm.catholique.fr\/cheminsdedialogue\/chemins-de-dialogue-2\/les-cahiers\/#breadcrumb\"},\"inLanguage\":\"fr-FR\",\"potentialAction\":[{\"@type\":\"ReadAction\",\"target\":[\"https:\/\/icm.catholique.fr\/cheminsdedialogue\/chemins-de-dialogue-2\/les-cahiers\/\"]}]},{\"@type\":\"BreadcrumbList\",\"@id\":\"https:\/\/icm.catholique.fr\/cheminsdedialogue\/chemins-de-dialogue-2\/les-cahiers\/#breadcrumb\",\"itemListElement\":[{\"@type\":\"ListItem\",\"position\":1,\"name\":\"Accueil\",\"item\":\"https:\/\/icm.catholique.fr\/cheminsdedialogue\/\"},{\"@type\":\"ListItem\",\"position\":2,\"name\":\"Les Cahiers\"}]},{\"@type\":\"WebSite\",\"@id\":\"https:\/\/icm.catholique.fr\/cheminsdedialogue\/#website\",\"url\":\"https:\/\/icm.catholique.fr\/cheminsdedialogue\/\",\"name\":\"Chemins de Dialogue\",\"description\":\"\",\"publisher\":{\"@id\":\"https:\/\/icm.catholique.fr\/cheminsdedialogue\/#organization\"},\"potentialAction\":[{\"@type\":\"SearchAction\",\"target\":{\"@type\":\"EntryPoint\",\"urlTemplate\":\"https:\/\/icm.catholique.fr\/cheminsdedialogue\/?s={search_term_string}\"},\"query-input\":\"required name=search_term_string\"}],\"inLanguage\":\"fr-FR\"},{\"@type\":\"Organization\",\"@id\":\"https:\/\/icm.catholique.fr\/cheminsdedialogue\/#organization\",\"name\":\"Association Chemins de Dialogue\",\"url\":\"https:\/\/icm.catholique.fr\/cheminsdedialogue\/\",\"logo\":{\"@type\":\"ImageObject\",\"inLanguage\":\"fr-FR\",\"@id\":\"https:\/\/icm.catholique.fr\/cheminsdedialogue\/#\/schema\/logo\/image\/\",\"url\":\"https:\/\/icm.catholique.fr\/cheminsdedialogue\/wp-content\/uploads\/2018\/11\/colombe-2.png\",\"contentUrl\":\"https:\/\/icm.catholique.fr\/cheminsdedialogue\/wp-content\/uploads\/2018\/11\/colombe-2.png\",\"width\":318,\"height\":201,\"caption\":\"Association Chemins de Dialogue\"},\"image\":{\"@id\":\"https:\/\/icm.catholique.fr\/cheminsdedialogue\/#\/schema\/logo\/image\/\"}}]}<\/script>\n<!-- \/ Yoast SEO plugin. -->","yoast_head_json":{"title":"Les Cahiers - Chemins de Dialogue","robots":{"index":"index","follow":"follow","max-snippet":"max-snippet:-1","max-image-preview":"max-image-preview:large","max-video-preview":"max-video-preview:-1"},"canonical":"https:\/\/icm.catholique.fr\/cheminsdedialogue\/chemins-de-dialogue-2\/les-cahiers\/","og_locale":"fr_FR","og_type":"article","og_title":"Les Cahiers - Chemins de Dialogue","og_description":"Les Cahiers de Chemins de Dialogue offrent une initiation aux sujets trait\u00e9s par la revue Chemins de Dialogues et l\u2019ISTR : Dialogue interreligieux et th\u00e9ologie \"Les Cahiers\"","og_url":"https:\/\/icm.catholique.fr\/cheminsdedialogue\/chemins-de-dialogue-2\/les-cahiers\/","og_site_name":"Chemins de Dialogue","article_modified_time":"2026-03-26T12:40:22+00:00","og_image":[{"width":744,"height":1049,"url":"https:\/\/icm.catholique.fr\/cheminsdedialogue\/wp-content\/uploads\/2020\/05\/page-de-garde.png","type":"image\/png"}],"twitter_card":"summary_large_image","twitter_misc":{"Dur\u00e9e de lecture estim\u00e9e":"2 minutes"},"schema":{"@context":"https:\/\/schema.org","@graph":[{"@type":"WebPage","@id":"https:\/\/icm.catholique.fr\/cheminsdedialogue\/chemins-de-dialogue-2\/les-cahiers\/","url":"https:\/\/icm.catholique.fr\/cheminsdedialogue\/chemins-de-dialogue-2\/les-cahiers\/","name":"Les Cahiers - Chemins de Dialogue","isPartOf":{"@id":"https:\/\/icm.catholique.fr\/cheminsdedialogue\/#website"},"datePublished":"2018-10-09T11:39:12+00:00","dateModified":"2026-03-26T12:40:22+00:00","breadcrumb":{"@id":"https:\/\/icm.catholique.fr\/cheminsdedialogue\/chemins-de-dialogue-2\/les-cahiers\/#breadcrumb"},"inLanguage":"fr-FR","potentialAction":[{"@type":"ReadAction","target":["https:\/\/icm.catholique.fr\/cheminsdedialogue\/chemins-de-dialogue-2\/les-cahiers\/"]}]},{"@type":"BreadcrumbList","@id":"https:\/\/icm.catholique.fr\/cheminsdedialogue\/chemins-de-dialogue-2\/les-cahiers\/#breadcrumb","itemListElement":[{"@type":"ListItem","position":1,"name":"Accueil","item":"https:\/\/icm.catholique.fr\/cheminsdedialogue\/"},{"@type":"ListItem","position":2,"name":"Les Cahiers"}]},{"@type":"WebSite","@id":"https:\/\/icm.catholique.fr\/cheminsdedialogue\/#website","url":"https:\/\/icm.catholique.fr\/cheminsdedialogue\/","name":"Chemins de Dialogue","description":"","publisher":{"@id":"https:\/\/icm.catholique.fr\/cheminsdedialogue\/#organization"},"potentialAction":[{"@type":"SearchAction","target":{"@type":"EntryPoint","urlTemplate":"https:\/\/icm.catholique.fr\/cheminsdedialogue\/?s={search_term_string}"},"query-input":"required name=search_term_string"}],"inLanguage":"fr-FR"},{"@type":"Organization","@id":"https:\/\/icm.catholique.fr\/cheminsdedialogue\/#organization","name":"Association Chemins de Dialogue","url":"https:\/\/icm.catholique.fr\/cheminsdedialogue\/","logo":{"@type":"ImageObject","inLanguage":"fr-FR","@id":"https:\/\/icm.catholique.fr\/cheminsdedialogue\/#\/schema\/logo\/image\/","url":"https:\/\/icm.catholique.fr\/cheminsdedialogue\/wp-content\/uploads\/2018\/11\/colombe-2.png","contentUrl":"https:\/\/icm.catholique.fr\/cheminsdedialogue\/wp-content\/uploads\/2018\/11\/colombe-2.png","width":318,"height":201,"caption":"Association Chemins de Dialogue"},"image":{"@id":"https:\/\/icm.catholique.fr\/cheminsdedialogue\/#\/schema\/logo\/image\/"}}]}},"_links":{"self":[{"href":"https:\/\/icm.catholique.fr\/cheminsdedialogue\/wp-json\/wp\/v2\/pages\/2386"}],"collection":[{"href":"https:\/\/icm.catholique.fr\/cheminsdedialogue\/wp-json\/wp\/v2\/pages"}],"about":[{"href":"https:\/\/icm.catholique.fr\/cheminsdedialogue\/wp-json\/wp\/v2\/types\/page"}],"author":[{"embeddable":true,"href":"https:\/\/icm.catholique.fr\/cheminsdedialogue\/wp-json\/wp\/v2\/users\/1"}],"replies":[{"embeddable":true,"href":"https:\/\/icm.catholique.fr\/cheminsdedialogue\/wp-json\/wp\/v2\/comments?post=2386"}],"version-history":[{"count":127,"href":"https:\/\/icm.catholique.fr\/cheminsdedialogue\/wp-json\/wp\/v2\/pages\/2386\/revisions"}],"predecessor-version":[{"id":7517,"href":"https:\/\/icm.catholique.fr\/cheminsdedialogue\/wp-json\/wp\/v2\/pages\/2386\/revisions\/7517"}],"up":[{"embeddable":true,"href":"https:\/\/icm.catholique.fr\/cheminsdedialogue\/wp-json\/wp\/v2\/pages\/2354"}],"wp:featuredmedia":[{"embeddable":true,"href":"https:\/\/icm.catholique.fr\/cheminsdedialogue\/wp-json\/wp\/v2\/media\/3838"}],"wp:attachment":[{"href":"https:\/\/icm.catholique.fr\/cheminsdedialogue\/wp-json\/wp\/v2\/media?parent=2386"}],"curies":[{"name":"wp","href":"https:\/\/api.w.org\/{rel}","templated":true}]}}