{"id":21,"date":"2015-06-22T10:10:22","date_gmt":"2015-06-22T08:10:22","guid":{"rendered":"http:\/\/icm.catholique.fr\/icm2015\/?page_id=21"},"modified":"2026-02-10T10:41:33","modified_gmt":"2026-02-10T09:41:33","slug":"chemins-de-dialogue-revue-theologique","status":"publish","type":"page","link":"https:\/\/icm.catholique.fr\/cheminsdedialogue\/chemins-de-dialogue-2\/chemins-de-dialogue-revue-theologique\/","title":{"rendered":"La Revue"},"content":{"rendered":"\t\t<div data-elementor-type=\"wp-post\" data-elementor-id=\"21\" class=\"elementor elementor-21\">\n\t\t\t\t\t\t\t\t\t<section class=\"elementor-section elementor-top-section elementor-element elementor-element-241e672 elementor-section-stretched elementor-section-boxed elementor-section-height-default elementor-section-height-default\" data-id=\"241e672\" data-element_type=\"section\" data-settings=\"{&quot;stretch_section&quot;:&quot;section-stretched&quot;}\">\n\t\t\t\t\t\t<div class=\"elementor-container elementor-column-gap-default\">\n\t\t\t\t\t<div class=\"elementor-column elementor-col-100 elementor-top-column elementor-element elementor-element-c4cbc06\" data-id=\"c4cbc06\" data-element_type=\"column\">\n\t\t\t<div class=\"elementor-widget-wrap elementor-element-populated\">\n\t\t\t\t\t\t\t\t<div class=\"elementor-element elementor-element-46082a2 elementor-widget__width-initial elementor-widget elementor-widget-image\" data-id=\"46082a2\" data-element_type=\"widget\" data-widget_type=\"image.default\">\n\t\t\t\t<div class=\"elementor-widget-container\">\n\t\t\t\t\t\t\t\t\t\t\t\t\t\t\t<img decoding=\"async\" loading=\"lazy\" width=\"1920\" height=\"250\" src=\"https:\/\/icm.catholique.fr\/cheminsdedialogue\/wp-content\/uploads\/2024\/07\/banniere-site-internet-revue-2.png\" class=\"attachment-full size-full wp-image-6678\" alt=\"\" srcset=\"https:\/\/icm.catholique.fr\/cheminsdedialogue\/wp-content\/uploads\/2024\/07\/banniere-site-internet-revue-2.png 1920w, https:\/\/icm.catholique.fr\/cheminsdedialogue\/wp-content\/uploads\/2024\/07\/banniere-site-internet-revue-2-300x39.png 300w, https:\/\/icm.catholique.fr\/cheminsdedialogue\/wp-content\/uploads\/2024\/07\/banniere-site-internet-revue-2-1024x133.png 1024w, https:\/\/icm.catholique.fr\/cheminsdedialogue\/wp-content\/uploads\/2024\/07\/banniere-site-internet-revue-2-768x100.png 768w, https:\/\/icm.catholique.fr\/cheminsdedialogue\/wp-content\/uploads\/2024\/07\/banniere-site-internet-revue-2-1536x200.png 1536w\" sizes=\"(max-width: 1920px) 100vw, 1920px\" \/>\t\t\t\t\t\t\t\t\t\t\t\t\t\t\t<\/div>\n\t\t\t\t<\/div>\n\t\t\t\t<div class=\"elementor-element elementor-element-14912e2 elementor-widget elementor-widget-spacer\" data-id=\"14912e2\" data-element_type=\"widget\" data-widget_type=\"spacer.default\">\n\t\t\t\t<div class=\"elementor-widget-container\">\n\t\t\t\t\t<div class=\"elementor-spacer\">\n\t\t\t<div class=\"elementor-spacer-inner\"><\/div>\n\t\t<\/div>\n\t\t\t\t<\/div>\n\t\t\t\t<\/div>\n\t\t\t\t\t<\/div>\n\t\t<\/div>\n\t\t\t\t\t\t\t<\/div>\n\t\t<\/section>\n\t\t\t\t<section class=\"elementor-section elementor-top-section elementor-element elementor-element-8653515 elementor-section-stretched elementor-section-boxed elementor-section-height-default elementor-section-height-default\" data-id=\"8653515\" data-element_type=\"section\" data-settings=\"{&quot;stretch_section&quot;:&quot;section-stretched&quot;}\">\n\t\t\t\t\t\t<div class=\"elementor-container elementor-column-gap-narrow\">\n\t\t\t\t\t<div class=\"elementor-column elementor-col-66 elementor-top-column elementor-element elementor-element-131c3ec\" data-id=\"131c3ec\" data-element_type=\"column\">\n\t\t\t<div class=\"elementor-widget-wrap elementor-element-populated\">\n\t\t\t\t\t\t\t\t<div class=\"elementor-element elementor-element-dbbce87 elementor-widget elementor-widget-text-editor\" data-id=\"dbbce87\" data-element_type=\"widget\" data-widget_type=\"text-editor.default\">\n\t\t\t\t<div class=\"elementor-widget-container\">\n\t\t\t\t\t\t\t<p><span style=\"color: #000000; font-family: arial, helvetica, sans-serif; font-size: 14px; font-style: normal; font-weight: 400;\">La revue Chemins de Dialogue est une revue th\u00e9ologique et pastorale sur le <a style=\"color: #000000;\" href=\"https:\/\/blog.jeunes-cathos.fr\/2015\/09\/03\/quest-ce-que-le-dialogue-interreligieux\/\">dialogue interreligieux<\/a>, fond\u00e9e par l&rsquo;<a style=\"color: #000000;\" href=\"https:\/\/icm.catholique.fr\/\">Institut de Sciences et Th\u00e9ologie des Religions de Marseille<\/a>, \u00e9dit\u00e9e par l&rsquo;association Chemins de Dialogue. Nous diffusons notre revue th\u00e9ologique par abonnement (2 par an), ou au num\u00e9ro, en France et dans de nombreux pays \u00e9trangers.\u00a0<\/span><\/p><p><span style=\"font-family: Arial, sans-serif; font-size: 14px; font-style: normal; font-weight: 400; color: #000000;\">Tous nos num\u00e9ros sont disponibles en\u00a0<span style=\"font-size: 14px; font-weight: bold;\">format papier<\/span>\u00a0avec un service de livraison propos\u00e9 et en\u00a0<span style=\"font-size: 14px; font-weight: bold;\">format num\u00e9rique<\/span>.\u00a0<\/span><span style=\"font-family: Arial, sans-serif; font-size: 14px; font-style: normal; font-weight: 400; color: #000000;\">Le format num\u00e9rique est \u00e0 un prix deux fois moins \u00e9lev\u00e9 et vous est envoy\u00e9 dans les plus brefs d\u00e9lais par mail.<\/span><\/p><p><span style=\"font-size: 14px;\"><span style=\"color: #ff0000;\">ATTENTION<\/span>\u00a0:\u00a0<span style=\"color: #000000;\">Si vous effectuez une commande group\u00e9e, veuillez envoyer un mail \u00e0<\/span>\u00a0<a href=\"mailto:acdd@icm13.com\">acdd@icm13.com<\/a>\u00a0<span style=\"color: #000000;\">d\u00e9crivant les articles souhait\u00e9s car les frais de port pourraient \u00eatre plus faibles.\u00a0<\/span><\/span><\/p>\t\t\t\t\t\t<\/div>\n\t\t\t\t<\/div>\n\t\t\t\t\t<\/div>\n\t\t<\/div>\n\t\t\t\t<div class=\"elementor-column elementor-col-33 elementor-top-column elementor-element elementor-element-f658915\" data-id=\"f658915\" data-element_type=\"column\">\n\t\t\t<div class=\"elementor-widget-wrap elementor-element-populated\">\n\t\t\t\t\t\t\t\t<div class=\"elementor-element elementor-element-50a62b3 elementor-widget elementor-widget-image\" data-id=\"50a62b3\" data-element_type=\"widget\" data-widget_type=\"image.default\">\n\t\t\t\t<div class=\"elementor-widget-container\">\n\t\t\t\t\t\t\t\t\t\t\t\t\t\t\t<img decoding=\"async\" loading=\"lazy\" width=\"416\" height=\"430\" src=\"https:\/\/icm.catholique.fr\/cheminsdedialogue\/wp-content\/uploads\/2024\/07\/Capture-decran-2024-07-25-a-15.49.28.png\" class=\"attachment-large size-large wp-image-6684\" alt=\"\" srcset=\"https:\/\/icm.catholique.fr\/cheminsdedialogue\/wp-content\/uploads\/2024\/07\/Capture-decran-2024-07-25-a-15.49.28.png 416w, https:\/\/icm.catholique.fr\/cheminsdedialogue\/wp-content\/uploads\/2024\/07\/Capture-decran-2024-07-25-a-15.49.28-290x300.png 290w\" sizes=\"(max-width: 416px) 100vw, 416px\" \/>\t\t\t\t\t\t\t\t\t\t\t\t\t\t\t<\/div>\n\t\t\t\t<\/div>\n\t\t\t\t\t<\/div>\n\t\t<\/div>\n\t\t\t\t\t\t\t<\/div>\n\t\t<\/section>\n\t\t\t\t<section class=\"elementor-section elementor-top-section elementor-element elementor-element-5624667 elementor-section-boxed elementor-section-height-default elementor-section-height-default\" data-id=\"5624667\" data-element_type=\"section\">\n\t\t\t\t\t\t<div class=\"elementor-container elementor-column-gap-default\">\n\t\t\t\t\t<div class=\"elementor-column elementor-col-100 elementor-top-column elementor-element elementor-element-3043b47\" data-id=\"3043b47\" data-element_type=\"column\">\n\t\t\t<div class=\"elementor-widget-wrap elementor-element-populated\">\n\t\t\t\t\t\t\t\t<div class=\"elementor-element elementor-element-83d357e elementor-widget elementor-widget-spacer\" data-id=\"83d357e\" data-element_type=\"widget\" data-widget_type=\"spacer.default\">\n\t\t\t\t<div class=\"elementor-widget-container\">\n\t\t\t\t\t<div class=\"elementor-spacer\">\n\t\t\t<div class=\"elementor-spacer-inner\"><\/div>\n\t\t<\/div>\n\t\t\t\t<\/div>\n\t\t\t\t<\/div>\n\t\t\t\t\t<\/div>\n\t\t<\/div>\n\t\t\t\t\t\t\t<\/div>\n\t\t<\/section>\n\t\t\t\t<section class=\"elementor-section elementor-top-section elementor-element elementor-element-fa88b0c elementor-section-stretched elementor-section-boxed elementor-section-height-default elementor-section-height-default\" data-id=\"fa88b0c\" data-element_type=\"section\" data-settings=\"{&quot;stretch_section&quot;:&quot;section-stretched&quot;}\">\n\t\t\t\t\t\t<div class=\"elementor-container elementor-column-gap-default\">\n\t\t\t\t\t<div class=\"elementor-column elementor-col-100 elementor-top-column elementor-element elementor-element-adfc004\" data-id=\"adfc004\" data-element_type=\"column\">\n\t\t\t<div class=\"elementor-widget-wrap elementor-element-populated\">\n\t\t\t\t\t\t\t\t<div class=\"elementor-element elementor-element-a35ebac elementor-align-center elementor-widget elementor-widget-button\" data-id=\"a35ebac\" data-element_type=\"widget\" data-widget_type=\"button.default\">\n\t\t\t\t<div class=\"elementor-widget-container\">\n\t\t\t\t\t<div class=\"elementor-button-wrapper\">\n\t\t\t<a class=\"elementor-button elementor-button-link elementor-size-md\" href=\"https:\/\/icm.catholique.fr\/cheminsdedialogue\/category\/les-revues\/\">\n\t\t\t\t\t\t<span class=\"elementor-button-content-wrapper\">\n\t\t\t\t\t\t<span class=\"elementor-button-text\"> Toutes nos revues<\/span>\n\t\t<\/span>\n\t\t\t\t\t<\/a>\n\t\t<\/div>\n\t\t\t\t<\/div>\n\t\t\t\t<\/div>\n\t\t\t\t\t<\/div>\n\t\t<\/div>\n\t\t\t\t\t\t\t<\/div>\n\t\t<\/section>\n\t\t\t\t<section class=\"elementor-section elementor-top-section elementor-element elementor-element-de2606b elementor-section-stretched elementor-section-boxed elementor-section-height-default elementor-section-height-default\" data-id=\"de2606b\" data-element_type=\"section\" data-settings=\"{&quot;stretch_section&quot;:&quot;section-stretched&quot;}\">\n\t\t\t\t\t\t<div class=\"elementor-container elementor-column-gap-default\">\n\t\t\t\t\t<div class=\"elementor-column elementor-col-100 elementor-top-column elementor-element elementor-element-0d2f71c\" data-id=\"0d2f71c\" data-element_type=\"column\">\n\t\t\t<div class=\"elementor-widget-wrap elementor-element-populated\">\n\t\t\t\t\t\t\t\t<div class=\"elementor-element elementor-element-3fd12d8 elementor-widget elementor-widget-text-editor\" data-id=\"3fd12d8\" data-element_type=\"widget\" data-widget_type=\"text-editor.default\">\n\t\t\t\t<div class=\"elementor-widget-container\">\n\t\t\t\t\t\t\t<p style=\"text-align: center;\"><span style=\"color: #066468; font-size: 48px;\"><strong>Abonnements 2026<\/strong><\/span><\/p>\t\t\t\t\t\t<\/div>\n\t\t\t\t<\/div>\n\t\t\t\t\t<\/div>\n\t\t<\/div>\n\t\t\t\t\t\t\t<\/div>\n\t\t<\/section>\n\t\t\t\t<section class=\"elementor-section elementor-top-section elementor-element elementor-element-85f2314 elementor-section-stretched elementor-section-boxed elementor-section-height-default elementor-section-height-default\" data-id=\"85f2314\" data-element_type=\"section\" data-settings=\"{&quot;stretch_section&quot;:&quot;section-stretched&quot;}\">\n\t\t\t\t\t\t<div class=\"elementor-container elementor-column-gap-default\">\n\t\t\t\t\t<div class=\"elementor-column elementor-col-100 elementor-top-column elementor-element elementor-element-cd3088b\" data-id=\"cd3088b\" data-element_type=\"column\">\n\t\t\t<div class=\"elementor-widget-wrap elementor-element-populated\">\n\t\t\t\t\t\t\t\t<div class=\"elementor-element elementor-element-1eb5730 elementor-widget__width-initial elementor-widget elementor-widget-html\" data-id=\"1eb5730\" data-element_type=\"widget\" data-widget_type=\"html.default\">\n\t\t\t\t<div class=\"elementor-widget-container\">\n\t\t\t<iframe id=\"haWidget\" allowtransparency=\"true\" src=\"https:\/\/www.helloasso.com\/associations\/association-chemins-de-dialogue\/evenements\/abonnement-chemins-de-dialogue-2026\/widget\" style=\"width: 100%;height:800px\" border: none;\" onload=\"window.addEventListener( 'message', function(e) { const dataHeight = e.data.height; const haWidgetElement = document.getElementById('haWidget'); haWidgetElement.height = dataHeight + 'px'; } )\" ><\/iframe>\t\t<\/div>\n\t\t\t\t<\/div>\n\t\t\t\t\t<\/div>\n\t\t<\/div>\n\t\t\t\t\t\t\t<\/div>\n\t\t<\/section>\n\t\t\t\t<section class=\"elementor-section elementor-top-section elementor-element elementor-element-4ff44fa elementor-section-boxed elementor-section-height-default elementor-section-height-default\" data-id=\"4ff44fa\" data-element_type=\"section\">\n\t\t\t\t\t\t<div class=\"elementor-container elementor-column-gap-default\">\n\t\t\t\t\t<div class=\"elementor-column elementor-col-100 elementor-top-column elementor-element elementor-element-542a2c3\" data-id=\"542a2c3\" data-element_type=\"column\">\n\t\t\t<div class=\"elementor-widget-wrap\">\n\t\t\t\t\t\t\t\t\t<\/div>\n\t\t<\/div>\n\t\t\t\t\t\t\t<\/div>\n\t\t<\/section>\n\t\t\t\t\t\t\t<\/div>\n\t\t","protected":false},"excerpt":{"rendered":"<p>La revue Chemins de Dialogue est une revue th\u00e9ologique et pastorale sur le dialogue interreligieux, fond\u00e9e par l&rsquo;Institut de Sciences et Th\u00e9ologie des Religions de<a href=\"https:\/\/icm.catholique.fr\/cheminsdedialogue\/chemins-de-dialogue-2\/chemins-de-dialogue-revue-theologique\/\" class=\"more-link\"><span class=\"screen-reader-text\"> \u00ab\u00a0La Revue\u00a0\u00bb<\/span><\/a><\/p>\n","protected":false},"author":1,"featured_media":6684,"parent":2354,"menu_order":0,"comment_status":"closed","ping_status":"closed","template":"","meta":{"_mi_skip_tracking":false,"footnotes":""},"yoast_head":"<!-- This site is optimized with the Yoast SEO plugin v21.4 - https:\/\/yoast.com\/wordpress\/plugins\/seo\/ -->\n<title>Revue th\u00e9ologique sur l&#039;interreligieux - La Revue<\/title>\n<meta name=\"description\" content=\"Revue th\u00e9ologique et pastorale sur le dialogue interreligieux avec la participation de nombreux auteurs, diffus\u00e9e en France et \u00e0 l&#039;\u00e9tranger.\" \/>\n<meta name=\"robots\" content=\"index, follow, max-snippet:-1, max-image-preview:large, max-video-preview:-1\" \/>\n<link rel=\"canonical\" href=\"https:\/\/icm.catholique.fr\/cheminsdedialogue\/chemins-de-dialogue-2\/chemins-de-dialogue-revue-theologique\/\" \/>\n<meta property=\"og:locale\" content=\"fr_FR\" \/>\n<meta property=\"og:type\" content=\"article\" \/>\n<meta property=\"og:title\" content=\"Revue th\u00e9ologique sur l&#039;interreligieux - La Revue\" \/>\n<meta property=\"og:description\" content=\"Revue th\u00e9ologique et pastorale sur le dialogue interreligieux avec la participation de nombreux auteurs, diffus\u00e9e en France et \u00e0 l&#039;\u00e9tranger.\" \/>\n<meta property=\"og:url\" content=\"https:\/\/icm.catholique.fr\/cheminsdedialogue\/chemins-de-dialogue-2\/chemins-de-dialogue-revue-theologique\/\" \/>\n<meta property=\"og:site_name\" content=\"Chemins de Dialogue\" \/>\n<meta property=\"article:modified_time\" content=\"2026-02-10T09:41:33+00:00\" \/>\n<meta property=\"og:image\" content=\"https:\/\/icm.catholique.fr\/cheminsdedialogue\/wp-content\/uploads\/2024\/07\/Capture-decran-2024-07-25-a-15.49.28.png\" \/>\n\t<meta property=\"og:image:width\" content=\"416\" \/>\n\t<meta property=\"og:image:height\" content=\"430\" \/>\n\t<meta property=\"og:image:type\" content=\"image\/png\" \/>\n<meta name=\"twitter:card\" content=\"summary_large_image\" \/>\n<meta name=\"twitter:label1\" content=\"Dur\u00e9e de lecture estim\u00e9e\" \/>\n\t<meta name=\"twitter:data1\" content=\"2 minutes\" \/>\n<script type=\"application\/ld+json\" class=\"yoast-schema-graph\">{\"@context\":\"https:\/\/schema.org\",\"@graph\":[{\"@type\":\"WebPage\",\"@id\":\"https:\/\/icm.catholique.fr\/cheminsdedialogue\/chemins-de-dialogue-2\/chemins-de-dialogue-revue-theologique\/\",\"url\":\"https:\/\/icm.catholique.fr\/cheminsdedialogue\/chemins-de-dialogue-2\/chemins-de-dialogue-revue-theologique\/\",\"name\":\"Revue th\u00e9ologique sur l'interreligieux - La Revue\",\"isPartOf\":{\"@id\":\"https:\/\/icm.catholique.fr\/cheminsdedialogue\/#website\"},\"datePublished\":\"2015-06-22T08:10:22+00:00\",\"dateModified\":\"2026-02-10T09:41:33+00:00\",\"description\":\"Revue th\u00e9ologique et pastorale sur le dialogue interreligieux avec la participation de nombreux auteurs, diffus\u00e9e en France et \u00e0 l'\u00e9tranger.\",\"breadcrumb\":{\"@id\":\"https:\/\/icm.catholique.fr\/cheminsdedialogue\/chemins-de-dialogue-2\/chemins-de-dialogue-revue-theologique\/#breadcrumb\"},\"inLanguage\":\"fr-FR\",\"potentialAction\":[{\"@type\":\"ReadAction\",\"target\":[\"https:\/\/icm.catholique.fr\/cheminsdedialogue\/chemins-de-dialogue-2\/chemins-de-dialogue-revue-theologique\/\"]}]},{\"@type\":\"BreadcrumbList\",\"@id\":\"https:\/\/icm.catholique.fr\/cheminsdedialogue\/chemins-de-dialogue-2\/chemins-de-dialogue-revue-theologique\/#breadcrumb\",\"itemListElement\":[{\"@type\":\"ListItem\",\"position\":1,\"name\":\"Accueil\",\"item\":\"https:\/\/icm.catholique.fr\/cheminsdedialogue\/\"},{\"@type\":\"ListItem\",\"position\":2,\"name\":\"La Revue\"}]},{\"@type\":\"WebSite\",\"@id\":\"https:\/\/icm.catholique.fr\/cheminsdedialogue\/#website\",\"url\":\"https:\/\/icm.catholique.fr\/cheminsdedialogue\/\",\"name\":\"Chemins de Dialogue\",\"description\":\"\",\"publisher\":{\"@id\":\"https:\/\/icm.catholique.fr\/cheminsdedialogue\/#organization\"},\"potentialAction\":[{\"@type\":\"SearchAction\",\"target\":{\"@type\":\"EntryPoint\",\"urlTemplate\":\"https:\/\/icm.catholique.fr\/cheminsdedialogue\/?s={search_term_string}\"},\"query-input\":\"required name=search_term_string\"}],\"inLanguage\":\"fr-FR\"},{\"@type\":\"Organization\",\"@id\":\"https:\/\/icm.catholique.fr\/cheminsdedialogue\/#organization\",\"name\":\"Association Chemins de Dialogue\",\"url\":\"https:\/\/icm.catholique.fr\/cheminsdedialogue\/\",\"logo\":{\"@type\":\"ImageObject\",\"inLanguage\":\"fr-FR\",\"@id\":\"https:\/\/icm.catholique.fr\/cheminsdedialogue\/#\/schema\/logo\/image\/\",\"url\":\"https:\/\/icm.catholique.fr\/cheminsdedialogue\/wp-content\/uploads\/2018\/11\/colombe-2.png\",\"contentUrl\":\"https:\/\/icm.catholique.fr\/cheminsdedialogue\/wp-content\/uploads\/2018\/11\/colombe-2.png\",\"width\":318,\"height\":201,\"caption\":\"Association Chemins de Dialogue\"},\"image\":{\"@id\":\"https:\/\/icm.catholique.fr\/cheminsdedialogue\/#\/schema\/logo\/image\/\"}}]}<\/script>\n<!-- \/ Yoast SEO plugin. -->","yoast_head_json":{"title":"Revue th\u00e9ologique sur l'interreligieux - La Revue","description":"Revue th\u00e9ologique et pastorale sur le dialogue interreligieux avec la participation de nombreux auteurs, diffus\u00e9e en France et \u00e0 l'\u00e9tranger.","robots":{"index":"index","follow":"follow","max-snippet":"max-snippet:-1","max-image-preview":"max-image-preview:large","max-video-preview":"max-video-preview:-1"},"canonical":"https:\/\/icm.catholique.fr\/cheminsdedialogue\/chemins-de-dialogue-2\/chemins-de-dialogue-revue-theologique\/","og_locale":"fr_FR","og_type":"article","og_title":"Revue th\u00e9ologique sur l'interreligieux - La Revue","og_description":"Revue th\u00e9ologique et pastorale sur le dialogue interreligieux avec la participation de nombreux auteurs, diffus\u00e9e en France et \u00e0 l'\u00e9tranger.","og_url":"https:\/\/icm.catholique.fr\/cheminsdedialogue\/chemins-de-dialogue-2\/chemins-de-dialogue-revue-theologique\/","og_site_name":"Chemins de Dialogue","article_modified_time":"2026-02-10T09:41:33+00:00","og_image":[{"width":416,"height":430,"url":"https:\/\/icm.catholique.fr\/cheminsdedialogue\/wp-content\/uploads\/2024\/07\/Capture-decran-2024-07-25-a-15.49.28.png","type":"image\/png"}],"twitter_card":"summary_large_image","twitter_misc":{"Dur\u00e9e de lecture estim\u00e9e":"2 minutes"},"schema":{"@context":"https:\/\/schema.org","@graph":[{"@type":"WebPage","@id":"https:\/\/icm.catholique.fr\/cheminsdedialogue\/chemins-de-dialogue-2\/chemins-de-dialogue-revue-theologique\/","url":"https:\/\/icm.catholique.fr\/cheminsdedialogue\/chemins-de-dialogue-2\/chemins-de-dialogue-revue-theologique\/","name":"Revue th\u00e9ologique sur l'interreligieux - La Revue","isPartOf":{"@id":"https:\/\/icm.catholique.fr\/cheminsdedialogue\/#website"},"datePublished":"2015-06-22T08:10:22+00:00","dateModified":"2026-02-10T09:41:33+00:00","description":"Revue th\u00e9ologique et pastorale sur le dialogue interreligieux avec la participation de nombreux auteurs, diffus\u00e9e en France et \u00e0 l'\u00e9tranger.","breadcrumb":{"@id":"https:\/\/icm.catholique.fr\/cheminsdedialogue\/chemins-de-dialogue-2\/chemins-de-dialogue-revue-theologique\/#breadcrumb"},"inLanguage":"fr-FR","potentialAction":[{"@type":"ReadAction","target":["https:\/\/icm.catholique.fr\/cheminsdedialogue\/chemins-de-dialogue-2\/chemins-de-dialogue-revue-theologique\/"]}]},{"@type":"BreadcrumbList","@id":"https:\/\/icm.catholique.fr\/cheminsdedialogue\/chemins-de-dialogue-2\/chemins-de-dialogue-revue-theologique\/#breadcrumb","itemListElement":[{"@type":"ListItem","position":1,"name":"Accueil","item":"https:\/\/icm.catholique.fr\/cheminsdedialogue\/"},{"@type":"ListItem","position":2,"name":"La Revue"}]},{"@type":"WebSite","@id":"https:\/\/icm.catholique.fr\/cheminsdedialogue\/#website","url":"https:\/\/icm.catholique.fr\/cheminsdedialogue\/","name":"Chemins de Dialogue","description":"","publisher":{"@id":"https:\/\/icm.catholique.fr\/cheminsdedialogue\/#organization"},"potentialAction":[{"@type":"SearchAction","target":{"@type":"EntryPoint","urlTemplate":"https:\/\/icm.catholique.fr\/cheminsdedialogue\/?s={search_term_string}"},"query-input":"required name=search_term_string"}],"inLanguage":"fr-FR"},{"@type":"Organization","@id":"https:\/\/icm.catholique.fr\/cheminsdedialogue\/#organization","name":"Association Chemins de Dialogue","url":"https:\/\/icm.catholique.fr\/cheminsdedialogue\/","logo":{"@type":"ImageObject","inLanguage":"fr-FR","@id":"https:\/\/icm.catholique.fr\/cheminsdedialogue\/#\/schema\/logo\/image\/","url":"https:\/\/icm.catholique.fr\/cheminsdedialogue\/wp-content\/uploads\/2018\/11\/colombe-2.png","contentUrl":"https:\/\/icm.catholique.fr\/cheminsdedialogue\/wp-content\/uploads\/2018\/11\/colombe-2.png","width":318,"height":201,"caption":"Association Chemins de Dialogue"},"image":{"@id":"https:\/\/icm.catholique.fr\/cheminsdedialogue\/#\/schema\/logo\/image\/"}}]}},"_links":{"self":[{"href":"https:\/\/icm.catholique.fr\/cheminsdedialogue\/wp-json\/wp\/v2\/pages\/21"}],"collection":[{"href":"https:\/\/icm.catholique.fr\/cheminsdedialogue\/wp-json\/wp\/v2\/pages"}],"about":[{"href":"https:\/\/icm.catholique.fr\/cheminsdedialogue\/wp-json\/wp\/v2\/types\/page"}],"author":[{"embeddable":true,"href":"https:\/\/icm.catholique.fr\/cheminsdedialogue\/wp-json\/wp\/v2\/users\/1"}],"replies":[{"embeddable":true,"href":"https:\/\/icm.catholique.fr\/cheminsdedialogue\/wp-json\/wp\/v2\/comments?post=21"}],"version-history":[{"count":117,"href":"https:\/\/icm.catholique.fr\/cheminsdedialogue\/wp-json\/wp\/v2\/pages\/21\/revisions"}],"predecessor-version":[{"id":7495,"href":"https:\/\/icm.catholique.fr\/cheminsdedialogue\/wp-json\/wp\/v2\/pages\/21\/revisions\/7495"}],"up":[{"embeddable":true,"href":"https:\/\/icm.catholique.fr\/cheminsdedialogue\/wp-json\/wp\/v2\/pages\/2354"}],"wp:featuredmedia":[{"embeddable":true,"href":"https:\/\/icm.catholique.fr\/cheminsdedialogue\/wp-json\/wp\/v2\/media\/6684"}],"wp:attachment":[{"href":"https:\/\/icm.catholique.fr\/cheminsdedialogue\/wp-json\/wp\/v2\/media?parent=21"}],"curies":[{"name":"wp","href":"https:\/\/api.w.org\/{rel}","templated":true}]}}